{"id":398,"date":"2021-09-14T15:04:21","date_gmt":"2021-09-14T13:04:21","guid":{"rendered":"https:\/\/dynamiknetwork.com\/index.php\/clone-of-accueil\/"},"modified":"2021-09-15T01:51:10","modified_gmt":"2021-09-14T23:51:10","slug":"clone-of-accueil","status":"publish","type":"page","link":"https:\/\/dynamiknetwork.com\/index.php\/clone-of-accueil\/","title":{"rendered":"Clone of Accueil"},"content":{"rendered":"<p><span style=\"\"><img decoding=\"async\" alt=\"animation micro\" width=\"278\" height=\"417\" title=\"Photo d'animation\" data-id=\"498\" src=\"https:\/\/dynamiknetwork.com\/wp-content\/uploads\/2021\/09\/LIG_9420-e1593569295985-1.png\" ml-d=\"0\" style=\"margin-left: 0px;\" data-width=\"278\" data-height=\"417\" data-init-width=\"278\" data-init-height=\"417\" loading=\"lazy\" mt-m=\"-85\"><\/span><\/p>\n<h1 style=\"\">Dynamisez <span>vos<\/span> r\u00e9seaux et vos \u00e9v\u00e9nements<\/h1>\n<p style=\"text-align: left;\"><strong>Authenticit\u00e9, proximit\u00e9 et professionnalisme<\/strong><strong>sont au rendez-vous.<\/strong><\/p>\n<h2 style=\"\"><strong>Qui suis-je ?<\/strong><\/h2>\n<p style=\"text-align: justify; color: rgb(245, 247, 249) !important; --tcb-applied-color:rgb(245, 247, 249)  !important;\">Je suis Dina, animatrice et community manager. Deux comp\u00e9tences que j\u2019ai li\u00e9es dans un seul but, dynamiser vos \u00e9v\u00e8nements et vos r\u00e9seaux. Fort des comp\u00e9tences en animation acquises sur le terrain et de mes dipl\u00f4mes en communication et en community management, Dynamik network vw\u00e8 jou!<\/p>\n<p><span><img decoding=\"async\" alt=\"\" data-id=\"284\" width=\"449\" data-init-width=\"1798\" height=\"299\" data-init-height=\"1200\" title=\"LIG_9424-Modifier\" loading=\"lazy\" src=\"https:\/\/dynamiknetwork.com\/wp-content\/uploads\/2021\/09\/LIG_9424-Modifier-1.png\" data-width=\"449\" data-height=\"299\"><\/span><\/p>\n<h2 style=\"text-align: center; color: rgb(239, 13, 13) !important; --tcb-applied-color:rgb(239, 13, 13)  !important;\">Quelque soit votre projet, <span style=\"text-transform: uppercase;\">parlons-en !<\/span><\/h2>\n<h2 style=\"\"><strong>Mes services<\/strong><\/h2>\n<p style=\"text-align: justify;\">Je vous propose de travailler avec vous les objectifs et le message \u00e0 mettre en avant lors de vos actions et vous conseille le meilleur afin de vous proposer un produit personnalis\u00e9 \u00e0 votre identit\u00e9 et \u00e0 vos objectifs.Qu&rsquo;il s&rsquo;agit d&rsquo;une animation micro en live et\/ou la gestion de votre image en temps r\u00e9el sur les r\u00e9seaux sociaux,Vous trouverez chez Dynamik Network les outils de communications originaux et impactants qui sont indispensables au succ\u00e8s et au d\u00e9veloppement de votre activit\u00e9.<\/p>\n<p><span><img decoding=\"async\" alt=\"mon service d'animation\" data-id=\"513\" width=\"346\" data-init-width=\"936\" height=\"515\" data-init-height=\"1392\" title=\"mes services\" loading=\"lazy\" src=\"https:\/\/dynamiknetwork.com\/wp-content\/uploads\/2021\/09\/dinaportrait-messervices-1.png\" data-width=\"346\" data-height=\"515\" style=\"\"><\/span><\/p>\n<p style=\"text-align: justify; color: rgb(109, 108, 108) !important; --tcb-applied-color:rgb(109, 108, 108)  !important;\"><em>Madame Dina BENOUET a assur\u00e9 l\u2019animation de nos journ\u00e9es \u00ab Piscine en famille \u00bb en 2019. Elle a brill\u00e9 de par sa capacit\u00e9 \u00e0 faire adh\u00e9rer le public aux diff\u00e9rentes animations ; son respect pour son public ; son enthousiasme et pour finir sa ponctualit\u00e9 et sa rigueur qui sont pour moi des atouts essentiels pour un bon animateur.<\/em><em>\u200b<\/em><em>\u200b<\/em><\/p>\n<p><span style=\"\"><img decoding=\"async\" alt=\"logo syndicat innitiative\" data-id=\"519\" width=\"81\" data-init-width=\"1772\" height=\"48\" data-init-height=\"1048\" title=\"logo syndicat innitiative\" loading=\"lazy\" src=\"https:\/\/dynamiknetwork.com\/wp-content\/uploads\/2021\/09\/logosyndicatinnitiativeencouleur-1.jpg\" data-width=\"81\" data-height=\"48\" style=\"\" mt-d=\"-1\" ml-d=\"0\" ml-m=\"0\" mt-m=\"0\"><\/span><\/p>\n<p style=\"text-align: left;\"><strong>Marie-Christine CALLAS<\/strong><\/p>\n<p style=\"text-align: left;\">Directrice G\u00e9n\u00e9rale des ServicesSyndicat Intercommunal de<span style=\"font-size: 13px;\"> <\/span>la Piscine Abymes\/Gosier\/Pointe-\u00e0-Pitre<\/p>\n<p style=\"text-align: justify;\"><em><span open=\"\" style=\"font-weight: 400; font-family: &quot;Open Sans&quot;;\">Karazouk &nbsp;a opt\u00e9 pour une collaboration avec une animatrice de qualit\u00e9, joviable, passionn\u00e9e et grandement investie dans son travail.&nbsp;<\/span><\/em><em><span open=\"\" style=\"font-weight: 400; font-family: &quot;Open Sans&quot;;\">Un tandem de choc, un duo de charme pour animer les soir\u00e9es d&rsquo;ambiance. Dina, c&rsquo;est la Dynamique attitude !I&nbsp;<\/span><\/em><\/p>\n<p><span style=\"width: 100%;\"><img decoding=\"async\" alt=\"logo karazouk\" width=\"60\" height=\"60\" title=\"logo karazouk\" data-id=\"518\" src=\"https:\/\/dynamiknetwork.com\/wp-content\/uploads\/2021\/09\/logokarazouk-1.jpeg\" style=\"\" data-width=\"60\" data-height=\"60\" data-init-width=\"1024\" data-init-height=\"1022\" loading=\"lazy\"><\/span><\/p>\n<p style=\"text-align: left;\"><strong>Syl<\/strong><\/p>\n<p style=\"text-align: left;\">G\u00e9rant Karazouk<\/p>\n<h2 style=\"text-align: center;\"><strong>ILS NOUS FONT CONFIANCE<\/strong><\/h2>\n<p><span><img decoding=\"async\" alt=\"animation avec diff\u00e9rents partenaires\" data-id=\"625\" width=\"100\" data-init-width=\"917\" height=\"0\" data-init-height=\"134\" title=\"logos\" loading=\"lazy\" src=\"https:\/\/dynamiknetwork.com\/wp-content\/uploads\/2021\/09\/confiancelogo-1.png\" data-width=\"100\" data-height=\"0\" style=\"\"><\/span><span><img decoding=\"async\" alt=\"animation avec Karazouk\" data-id=\"466\" width=\"90\" data-init-width=\"1024\" height=\"90\" data-init-height=\"1022\" title=\"logo karazouk\" loading=\"lazy\" src=\"https:\/\/dynamiknetwork.com\/wp-content\/uploads\/2021\/09\/logokarazoukmonochromeEF0D0D-1.png\" data-width=\"90\" data-height=\"90\" style=\"\"><\/span><span style=\"height: 100%;\"><img decoding=\"async\" alt=\"animation avec Maiss cuisine\" data-id=\"468\" width=\"90\" data-init-width=\"800\" height=\"115\" data-init-height=\"1024\" title=\"Logo-MAiSS\" loading=\"lazy\" src=\"https:\/\/dynamiknetwork.com\/wp-content\/uploads\/2021\/09\/LOGOTYPE-MAiSSmonochromeEF0D0D-1.png\" data-width=\"90\" data-height=\"115\" style=\"max-width: none !important;\" mt-d=\"0\"><\/span><span style=\"height: 100%;\"><img decoding=\"async\" alt=\"animation avec le syndicat d'initiative\" data-id=\"487\" width=\"129\" data-init-width=\"1772\" height=\"77\" data-init-height=\"1048\" title=\"logo syndicat initiative\" loading=\"lazy\" src=\"https:\/\/dynamiknetwork.com\/wp-content\/uploads\/2021\/09\/logosyndicatinitiativerouge-1.png\" data-width=\"129\" data-height=\"77\" style=\"max-width: none !important;\" mt-d=\"0\" ml-d=\"0\"><\/span><span style=\"height: 100%;\"><img decoding=\"async\" alt=\"Partenaire smart digit\" data-id=\"489\" width=\"90\" data-init-width=\"367\" height=\"107\" data-init-height=\"435\" title=\"Logo-SmartDigit\" loading=\"lazy\" src=\"https:\/\/dynamiknetwork.com\/wp-content\/uploads\/2021\/09\/Logo-SmartDigit-Bdrouge-1.png\" data-width=\"90\" data-height=\"107\" style=\"max-width: none !important;\" mt-d=\"0\"><\/span><span style=\"height: 100%;\"><img decoding=\"async\" alt=\"Community manager avec Pretty woman\" data-id=\"486\" width=\"100\" data-init-width=\"1440\" height=\"0\" data-init-height=\"1440\" title=\"logo pretty woman\" loading=\"lazy\" src=\"https:\/\/dynamiknetwork.com\/wp-content\/uploads\/2021\/09\/logoprettywomanrouge-1.png\" data-width=\"100\" data-height=\"0\" style=\"max-width: none !important;\" mt-d=\"0\"><\/span><\/p>\n","protected":false},"excerpt":{"rendered":"<p>Dynamisez vos r\u00e9seaux et vos \u00e9v\u00e9nements Authenticit\u00e9, proximit\u00e9 et professionnalismesont au rendez-vous. Qui suis-je ? Je suis Dina, animatrice et community manager. Deux comp\u00e9tences que j\u2019ai li\u00e9es dans un seul but, dynamiser vos \u00e9v\u00e8nements et vos r\u00e9seaux. Fort des comp\u00e9tences en animation acquises sur le terrain et de mes dipl\u00f4mes en communication et en community [&hellip;]<\/p>\n","protected":false},"author":1,"featured_media":0,"parent":0,"menu_order":0,"comment_status":"closed","ping_status":"open","template":"","meta":{"footnotes":""},"class_list":["post-398","page","type-page","status-publish","hentry","post-wrapper","thrv_wrapper"],"_links":{"self":[{"href":"https:\/\/dynamiknetwork.com\/index.php\/wp-json\/wp\/v2\/pages\/398","targetHints":{"allow":["GET"]}}],"collection":[{"href":"https:\/\/dynamiknetwork.com\/index.php\/wp-json\/wp\/v2\/pages"}],"about":[{"href":"https:\/\/dynamiknetwork.com\/index.php\/wp-json\/wp\/v2\/types\/page"}],"author":[{"embeddable":true,"href":"https:\/\/dynamiknetwork.com\/index.php\/wp-json\/wp\/v2\/users\/1"}],"replies":[{"embeddable":true,"href":"https:\/\/dynamiknetwork.com\/index.php\/wp-json\/wp\/v2\/comments?post=398"}],"version-history":[{"count":0,"href":"https:\/\/dynamiknetwork.com\/index.php\/wp-json\/wp\/v2\/pages\/398\/revisions"}],"wp:attachment":[{"href":"https:\/\/dynamiknetwork.com\/index.php\/wp-json\/wp\/v2\/media?parent=398"}],"curies":[{"name":"wp","href":"https:\/\/api.w.org\/{rel}","templated":true}]}}